{"id":164,"date":"2023-09-15T19:30:07","date_gmt":"2023-09-15T19:30:07","guid":{"rendered":"https:\/\/pararrayosespeciales.com\/?page_id=164"},"modified":"2026-04-06T03:23:57","modified_gmt":"2026-04-06T03:23:57","slug":"elementor-164","status":"publish","type":"page","link":"https:\/\/pararrayosespeciales.com\/?page_id=164","title":{"rendered":"Sistemas de tierras"},"content":{"rendered":"\t\t<div data-elementor-type=\"wp-page\" data-elementor-id=\"164\" class=\"elementor elementor-164\">\n\t\t\t\t\t\t<section class=\"elementor-section elementor-top-section elementor-element elementor-element-738e50bd elementor-section-full_width elementor-section-content-middle elementor-section-height-default elementor-section-height-default\" data-id=\"738e50bd\" data-element_type=\"section\">\n\t\t\t\t\t\t<div class=\"elementor-container elementor-column-gap-no\">\n\t\t\t\t\t<div class=\"elementor-column elementor-col-50 elementor-top-column elementor-element elementor-element-4cc0e025\" data-id=\"4cc0e025\" data-element_type=\"column\" data-settings=\"{&quot;background_background&quot;:&quot;classic&quot;}\">\n\t\t\t<div class=\"elementor-widget-wrap elementor-element-populated\">\n\t\t\t\t\t<div class=\"elementor-background-overlay\"><\/div>\n\t\t\t\t\t\t<div class=\"elementor-element elementor-element-f233af0 elementor-widget elementor-widget-image\" data-id=\"f233af0\" data-element_type=\"widget\" data-widget_type=\"image.default\">\n\t\t\t\t<div class=\"elementor-widget-container\">\n\t\t\t\t\t\t\t\t\t\t\t\t\t\t\t<img fetchpriority=\"high\" decoding=\"async\" width=\"803\" height=\"1024\" src=\"https:\/\/pararrayosespeciales.com\/wp-content\/uploads\/2023\/09\/5-803x1024.jpg\" class=\"attachment-large size-large wp-image-165\" alt=\"\" srcset=\"https:\/\/pararrayosespeciales.com\/wp-content\/uploads\/2023\/09\/5-803x1024.jpg 803w, https:\/\/pararrayosespeciales.com\/wp-content\/uploads\/2023\/09\/5-235x300.jpg 235w, https:\/\/pararrayosespeciales.com\/wp-content\/uploads\/2023\/09\/5-768x980.jpg 768w, https:\/\/pararrayosespeciales.com\/wp-content\/uploads\/2023\/09\/5-600x766.jpg 600w, https:\/\/pararrayosespeciales.com\/wp-content\/uploads\/2023\/09\/5.jpg 1022w\" sizes=\"100vw\" \/>\t\t\t\t\t\t\t\t\t\t\t\t\t\t\t<\/div>\n\t\t\t\t<\/div>\n\t\t\t\t\t<\/div>\n\t\t<\/div>\n\t\t\t\t<div class=\"elementor-column elementor-col-50 elementor-top-column elementor-element elementor-element-29e62a58\" data-id=\"29e62a58\" data-element_type=\"column\">\n\t\t\t<div class=\"elementor-widget-wrap elementor-element-populated\">\n\t\t\t\t\t\t<div class=\"elementor-element elementor-element-4b9f3808 elementor-widget elementor-widget-text-editor\" data-id=\"4b9f3808\" data-element_type=\"widget\" data-widget_type=\"text-editor.default\">\n\t\t\t\t<div class=\"elementor-widget-container\">\n\t\t\t\t\t\t\t\t\t<h3 class=\"text-align-left\" style=\"border: 0px solid #333333; margin: 0px; font-size: 25px; -webkit-font-smoothing: antialiased; white-space-collapse: preserve; -webkit-tap-highlight-color: transparent; direction: ltr; font-family: Roboto; background-attachment: scroll !important;\"><span style=\"border: 0px solid #333333; -webkit-font-smoothing: antialiased; -webkit-tap-highlight-color: transparent; display: initial; background-attachment: scroll !important;\">Sistema de tierra varilla con bobinas<\/span><\/h3>\t\t\t\t\t\t\t\t<\/div>\n\t\t\t\t<\/div>\n\t\t\t\t<div class=\"elementor-element elementor-element-19299754 elementor-widget elementor-widget-text-editor\" data-id=\"19299754\" data-element_type=\"widget\" data-widget_type=\"text-editor.default\">\n\t\t\t\t<div class=\"elementor-widget-container\">\n\t\t\t\t\t\t\t\t\t<p class=\"m-size-14 size-18\" style=\"border: 0px solid #333333; -webkit-font-smoothing: antialiased; white-space-collapse: preserve; margin-bottom: 0px; -webkit-tap-highlight-color: transparent; color: #505050; font-family: Muli; line-height: 1.5; font-size: 18px !important; background-attachment: scroll !important;\"><span class=\"font-size-18 m-font-size-14\" style=\"border: 0px solid #333333; -webkit-font-smoothing: antialiased; -webkit-tap-highlight-color: transparent; display: initial; background-attachment: scroll !important;\">Son sistemas que no tienen una conexion deliberada a tierra, excepto a traves de dispositivos que indican o miden el potencial<\/span><\/p><div><span class=\"font-size-18 m-font-size-14\" style=\"border: 0px solid #333333; -webkit-font-smoothing: antialiased; -webkit-tap-highlight-color: transparent; display: initial; background-attachment: scroll !important;\">\u00a0<\/span><\/div>\t\t\t\t\t\t\t\t<\/div>\n\t\t\t\t<\/div>\n\t\t\t\t\t<\/div>\n\t\t<\/div>\n\t\t\t\t\t<\/div>\n\t\t<\/section>\n\t\t\t\t<section class=\"elementor-section elementor-top-section elementor-element elementor-element-2edbca22 elementor-section-full_width elementor-section-content-middle elementor-section-height-default elementor-section-height-default\" data-id=\"2edbca22\" data-element_type=\"section\">\n\t\t\t\t\t\t<div class=\"elementor-container elementor-column-gap-no\">\n\t\t\t\t\t<div class=\"elementor-column elementor-col-50 elementor-top-column elementor-element elementor-element-6781a31\" data-id=\"6781a31\" data-element_type=\"column\" data-settings=\"{&quot;background_background&quot;:&quot;classic&quot;}\">\n\t\t\t<div class=\"elementor-widget-wrap elementor-element-populated\">\n\t\t\t\t\t<div class=\"elementor-background-overlay\"><\/div>\n\t\t\t\t\t\t<div class=\"elementor-element elementor-element-74082e4 elementor-widget elementor-widget-image\" data-id=\"74082e4\" data-element_type=\"widget\" data-widget_type=\"image.default\">\n\t\t\t\t<div class=\"elementor-widget-container\">\n\t\t\t\t\t\t\t\t\t\t\t\t\t\t\t<img decoding=\"async\" width=\"799\" height=\"1024\" src=\"https:\/\/pararrayosespeciales.com\/wp-content\/uploads\/2023\/09\/6-799x1024.jpg\" class=\"attachment-large size-large wp-image-166\" alt=\"\" srcset=\"https:\/\/pararrayosespeciales.com\/wp-content\/uploads\/2023\/09\/6-799x1024.jpg 799w, https:\/\/pararrayosespeciales.com\/wp-content\/uploads\/2023\/09\/6-234x300.jpg 234w, https:\/\/pararrayosespeciales.com\/wp-content\/uploads\/2023\/09\/6-768x985.jpg 768w, https:\/\/pararrayosespeciales.com\/wp-content\/uploads\/2023\/09\/6-600x769.jpg 600w, https:\/\/pararrayosespeciales.com\/wp-content\/uploads\/2023\/09\/6.jpg 993w\" sizes=\"100vw\" \/>\t\t\t\t\t\t\t\t\t\t\t\t\t\t\t<\/div>\n\t\t\t\t<\/div>\n\t\t\t\t\t<\/div>\n\t\t<\/div>\n\t\t\t\t<div class=\"elementor-column elementor-col-50 elementor-top-column elementor-element elementor-element-78c83ab0\" data-id=\"78c83ab0\" data-element_type=\"column\">\n\t\t\t<div class=\"elementor-widget-wrap elementor-element-populated\">\n\t\t\t\t\t\t<div class=\"elementor-element elementor-element-1d43ffd0 elementor-widget elementor-widget-text-editor\" data-id=\"1d43ffd0\" data-element_type=\"widget\" data-widget_type=\"text-editor.default\">\n\t\t\t\t<div class=\"elementor-widget-container\">\n\t\t\t\t\t\t\t\t\t<h3 class=\"text-align-left\" style=\"border: 0px solid #333333; margin: 0px; font-size: 25px; -webkit-font-smoothing: antialiased; white-space-collapse: preserve; -webkit-tap-highlight-color: transparent; direction: ltr; font-family: Roboto; background-attachment: scroll !important;\"><span style=\"border: 0px solid #333333; -webkit-font-smoothing: antialiased; -webkit-tap-highlight-color: transparent; display: initial; background-attachment: scroll !important;\">Sistemas de tierra de blindaje parcial<\/span><\/h3>\t\t\t\t\t\t\t\t<\/div>\n\t\t\t\t<\/div>\n\t\t\t\t<div class=\"elementor-element elementor-element-7672bbe2 elementor-widget elementor-widget-text-editor\" data-id=\"7672bbe2\" data-element_type=\"widget\" data-widget_type=\"text-editor.default\">\n\t\t\t\t<div class=\"elementor-widget-container\">\n\t\t\t\t\t\t\t\t\t<p class=\"text-align-left m-size-14 size-18\" style=\"border: 0px solid #333333; -webkit-font-smoothing: antialiased; white-space-collapse: preserve; margin-bottom: 0px; -webkit-tap-highlight-color: transparent; color: #505050; font-family: Muli; line-height: 1.5; font-size: 18px !important; background-attachment: scroll !important;\"><span class=\"font-size-18 m-font-size-14\" style=\"border: 0px solid #333333; -webkit-font-smoothing: antialiased; -webkit-tap-highlight-color: transparent; display: initial; background-attachment: scroll !important;\">Sistemas que se conectan a tierra mediante una conexion adecuada en la cual no se a\u00f1ade impedancia deliberantemente<\/span><\/p><div><span class=\"font-size-18 m-font-size-14\" style=\"border: 0px solid #333333; -webkit-font-smoothing: antialiased; -webkit-tap-highlight-color: transparent; display: initial; background-attachment: scroll !important;\">\u00a0<\/span><\/div>\t\t\t\t\t\t\t\t<\/div>\n\t\t\t\t<\/div>\n\t\t\t\t\t<\/div>\n\t\t<\/div>\n\t\t\t\t\t<\/div>\n\t\t<\/section>\n\t\t\t\t<section class=\"elementor-section elementor-top-section elementor-element elementor-element-65b19ec7 elementor-section-full_width elementor-section-content-middle elementor-section-height-default elementor-section-height-default\" data-id=\"65b19ec7\" data-element_type=\"section\">\n\t\t\t\t\t\t<div class=\"elementor-container elementor-column-gap-no\">\n\t\t\t\t\t<div class=\"elementor-column elementor-col-50 elementor-top-column elementor-element elementor-element-6c7da22a\" data-id=\"6c7da22a\" data-element_type=\"column\" data-settings=\"{&quot;background_background&quot;:&quot;classic&quot;}\">\n\t\t\t<div class=\"elementor-widget-wrap elementor-element-populated\">\n\t\t\t\t\t<div class=\"elementor-background-overlay\"><\/div>\n\t\t\t\t\t\t<div class=\"elementor-element elementor-element-c5a21b0 elementor-widget elementor-widget-image\" data-id=\"c5a21b0\" data-element_type=\"widget\" data-widget_type=\"image.default\">\n\t\t\t\t<div class=\"elementor-widget-container\">\n\t\t\t\t\t\t\t\t\t\t\t\t\t\t\t<img decoding=\"async\" width=\"799\" height=\"1024\" src=\"https:\/\/pararrayosespeciales.com\/wp-content\/uploads\/2023\/09\/3-799x1024.jpg\" class=\"attachment-large size-large wp-image-167\" alt=\"\" srcset=\"https:\/\/pararrayosespeciales.com\/wp-content\/uploads\/2023\/09\/3-799x1024.jpg 799w, https:\/\/pararrayosespeciales.com\/wp-content\/uploads\/2023\/09\/3-234x300.jpg 234w, https:\/\/pararrayosespeciales.com\/wp-content\/uploads\/2023\/09\/3-768x985.jpg 768w, https:\/\/pararrayosespeciales.com\/wp-content\/uploads\/2023\/09\/3-1198x1536.jpg 1198w, https:\/\/pararrayosespeciales.com\/wp-content\/uploads\/2023\/09\/3-600x769.jpg 600w, https:\/\/pararrayosespeciales.com\/wp-content\/uploads\/2023\/09\/3-1200x1538.jpg 1200w, https:\/\/pararrayosespeciales.com\/wp-content\/uploads\/2023\/09\/3.jpg 1504w\" sizes=\"100vw\" \/>\t\t\t\t\t\t\t\t\t\t\t\t\t\t\t<\/div>\n\t\t\t\t<\/div>\n\t\t\t\t\t<\/div>\n\t\t<\/div>\n\t\t\t\t<div class=\"elementor-column elementor-col-50 elementor-top-column elementor-element elementor-element-4b006307\" data-id=\"4b006307\" data-element_type=\"column\">\n\t\t\t<div class=\"elementor-widget-wrap elementor-element-populated\">\n\t\t\t\t\t\t<div class=\"elementor-element elementor-element-7607302f elementor-widget elementor-widget-text-editor\" data-id=\"7607302f\" data-element_type=\"widget\" data-widget_type=\"text-editor.default\">\n\t\t\t\t<div class=\"elementor-widget-container\">\n\t\t\t\t\t\t\t\t\t<h3 class=\"text-align-left\" style=\"border: 0px solid #333333; margin: 0px; font-size: 25px; -webkit-font-smoothing: antialiased; white-space-collapse: preserve; -webkit-tap-highlight-color: transparent; direction: ltr; font-family: Roboto; background-attachment: scroll !important;\"><span style=\"border: 0px solid #333333; -webkit-font-smoothing: antialiased; -webkit-tap-highlight-color: transparent; display: initial; background-attachment: scroll !important;\">Sistema de tierra tipo V<\/span><\/h3>\t\t\t\t\t\t\t\t<\/div>\n\t\t\t\t<\/div>\n\t\t\t\t<div class=\"elementor-element elementor-element-f23eb42 elementor-widget elementor-widget-text-editor\" data-id=\"f23eb42\" data-element_type=\"widget\" data-widget_type=\"text-editor.default\">\n\t\t\t\t<div class=\"elementor-widget-container\">\n\t\t\t\t\t\t\t\t\t<p class=\"m-size-14 size-18\" style=\"border: 0px solid #333333; -webkit-font-smoothing: antialiased; white-space-collapse: preserve; margin-bottom: 0px; -webkit-tap-highlight-color: transparent; color: #505050; font-family: Muli; line-height: 1.5; font-size: 18px !important; background-attachment: scroll !important;\"><span class=\"font-size-18 m-font-size-14\" style=\"border: 0px solid #333333; -webkit-font-smoothing: antialiased; -webkit-tap-highlight-color: transparent; display: initial; background-attachment: scroll !important;\">Son los conectados a tierra por medio de una impedancia, en los que el elemento principal es una resistencia<\/span><\/p><div><span class=\"font-size-18 m-font-size-14\" style=\"border: 0px solid #333333; -webkit-font-smoothing: antialiased; -webkit-tap-highlight-color: transparent; display: initial; background-attachment: scroll !important;\">\u00a0<\/span><\/div>\t\t\t\t\t\t\t\t<\/div>\n\t\t\t\t<\/div>\n\t\t\t\t\t<\/div>\n\t\t<\/div>\n\t\t\t\t\t<\/div>\n\t\t<\/section>\n\t\t<div class=\"elementor-element elementor-element-da6f934 e-flex e-con-boxed e-con e-parent\" data-id=\"da6f934\" data-element_type=\"container\" data-settings=\"{&quot;background_background&quot;:&quot;classic&quot;}\">\n\t\t\t\t\t<div class=\"e-con-inner\">\n\t\t\t\t\t<\/div>\n\t\t\t\t<\/div>\n\t\t\t\t<section class=\"elementor-section elementor-top-section elementor-element elementor-element-a59ddb7 elementor-section-boxed elementor-section-height-default elementor-section-height-default\" data-id=\"a59ddb7\" data-element_type=\"section\">\n\t\t\t\t\t\t<div class=\"elementor-container elementor-column-gap-default\">\n\t\t\t\t\t<div class=\"elementor-column elementor-col-33 elementor-top-column elementor-element elementor-element-33542a9\" data-id=\"33542a9\" data-element_type=\"column\">\n\t\t\t<div class=\"elementor-widget-wrap elementor-element-populated\">\n\t\t\t\t\t\t<div class=\"elementor-element elementor-element-34cb336 elementor-widget__width-initial elementor-widget elementor-widget-image\" data-id=\"34cb336\" data-element_type=\"widget\" data-widget_type=\"image.default\">\n\t\t\t\t<div class=\"elementor-widget-container\">\n\t\t\t\t\t\t\t\t\t\t\t\t\t\t\t<img loading=\"lazy\" decoding=\"async\" width=\"228\" height=\"106\" src=\"https:\/\/pararrayosespeciales.com\/wp-content\/uploads\/2026\/02\/LOGO.jpg\" class=\"attachment-full size-full wp-image-988\" alt=\"\" sizes=\"100vw\" \/>\t\t\t\t\t\t\t\t\t\t\t\t\t\t\t<\/div>\n\t\t\t\t<\/div>\n\t\t\t\t<div class=\"elementor-element elementor-element-672cfce elementor-widget elementor-widget-text-editor\" data-id=\"672cfce\" data-element_type=\"widget\" data-widget_type=\"text-editor.default\">\n\t\t\t\t<div class=\"elementor-widget-container\">\n\t\t\t\t\t\t\t\t\t<h5 class=\"text-align-justify\" style=\"border: 0px solid #333333; margin: 0px; -webkit-font-smoothing: antialiased; white-space-collapse: preserve; -webkit-tap-highlight-color: transparent; direction: ltr; font-family: Muli; color: #d4d4d4; font-weight: normal; font-size: 15px; background-attachment: scroll !important;\"><span style=\"border: 0px solid #333333; -webkit-font-smoothing: antialiased; -webkit-tap-highlight-color: transparent; color: #000000; display: initial; background-attachment: scroll !important;\"><span style=\"vertical-align: inherit;\"><span style=\"vertical-align: inherit;\">Nuestro trabajo es la protecci\u00f3n de bienes contra los efectos de las descargas atmosf\u00e9ricas y de la electricidad con m\u00e1s de 20 a\u00f1os de experiencia.<\/span><\/span><\/span><\/h5>\t\t\t\t\t\t\t\t<\/div>\n\t\t\t\t<\/div>\n\t\t\t\t\t<\/div>\n\t\t<\/div>\n\t\t\t\t<div class=\"elementor-column elementor-col-33 elementor-top-column elementor-element elementor-element-b16730e\" data-id=\"b16730e\" data-element_type=\"column\">\n\t\t\t<div class=\"elementor-widget-wrap\">\n\t\t\t\t\t\t\t<\/div>\n\t\t<\/div>\n\t\t\t\t<div class=\"elementor-column elementor-col-33 elementor-top-column elementor-element elementor-element-0588f78\" data-id=\"0588f78\" data-element_type=\"column\">\n\t\t\t<div class=\"elementor-widget-wrap elementor-element-populated\">\n\t\t\t\t\t\t<div class=\"elementor-element elementor-element-39e1822 elementor-widget__width-initial elementor-widget elementor-widget-heading\" data-id=\"39e1822\" data-element_type=\"widget\" data-widget_type=\"heading.default\">\n\t\t\t\t<div class=\"elementor-widget-container\">\n\t\t\t\t\t<h2 class=\"elementor-heading-title elementor-size-default\">Contacto<\/h2>\t\t\t\t<\/div>\n\t\t\t\t<\/div>\n\t\t\t\t<div class=\"elementor-element elementor-element-4c8251e elementor-widget__width-initial elementor-view-default elementor-widget elementor-widget-icon\" data-id=\"4c8251e\" data-element_type=\"widget\" data-widget_type=\"icon.default\">\n\t\t\t\t<div class=\"elementor-widget-container\">\n\t\t\t\t\t\t\t<div class=\"elementor-icon-wrapper\">\n\t\t\t<a class=\"elementor-icon\" href=\"https:\/\/www.instagram.com\/pararrayos.especiales\/\">\n\t\t\t<svg aria-hidden=\"true\" class=\"e-font-icon-svg e-fab-instagram\" viewBox=\"0 0 448 512\" xmlns=\"http:\/\/www.w3.org\/2000\/svg\"><path d=\"M224.1 141c-63.6 0-114.9 51.3-114.9 114.9s51.3 114.9 114.9 114.9S339 319.5 339 255.9 287.7 141 224.1 141zm0 189.6c-41.1 0-74.7-33.5-74.7-74.7s33.5-74.7 74.7-74.7 74.7 33.5 74.7 74.7-33.6 74.7-74.7 74.7zm146.4-194.3c0 14.9-12 26.8-26.8 26.8-14.9 0-26.8-12-26.8-26.8s12-26.8 26.8-26.8 26.8 12 26.8 26.8zm76.1 27.2c-1.7-35.9-9.9-67.7-36.2-93.9-26.2-26.2-58-34.4-93.9-36.2-37-2.1-147.9-2.1-184.9 0-35.8 1.7-67.6 9.9-93.9 36.1s-34.4 58-36.2 93.9c-2.1 37-2.1 147.9 0 184.9 1.7 35.9 9.9 67.7 36.2 93.9s58 34.4 93.9 36.2c37 2.1 147.9 2.1 184.9 0 35.9-1.7 67.7-9.9 93.9-36.2 26.2-26.2 34.4-58 36.2-93.9 2.1-37 2.1-147.8 0-184.8zM398.8 388c-7.8 19.6-22.9 34.7-42.6 42.6-29.5 11.7-99.5 9-132.1 9s-102.7 2.6-132.1-9c-19.6-7.8-34.7-22.9-42.6-42.6-11.7-29.5-9-99.5-9-132.1s-2.6-102.7 9-132.1c7.8-19.6 22.9-34.7 42.6-42.6 29.5-11.7 99.5-9 132.1-9s102.7-2.6 132.1 9c19.6 7.8 34.7 22.9 42.6 42.6 11.7 29.5 9 99.5 9 132.1s2.7 102.7-9 132.1z\"><\/path><\/svg>\t\t\t<\/a>\n\t\t<\/div>\n\t\t\t\t\t\t<\/div>\n\t\t\t\t<\/div>\n\t\t\t\t<div class=\"elementor-element elementor-element-610830a elementor-widget__width-initial elementor-view-default elementor-widget elementor-widget-icon\" data-id=\"610830a\" data-element_type=\"widget\" data-widget_type=\"icon.default\">\n\t\t\t\t<div class=\"elementor-widget-container\">\n\t\t\t\t\t\t\t<div class=\"elementor-icon-wrapper\">\n\t\t\t<a class=\"elementor-icon\" href=\"https:\/\/www.facebook.com\/pararrayos.especiales\">\n\t\t\t<svg aria-hidden=\"true\" class=\"e-font-icon-svg e-fab-facebook-square\" viewBox=\"0 0 448 512\" xmlns=\"http:\/\/www.w3.org\/2000\/svg\"><path d=\"M400 32H48A48 48 0 0 0 0 80v352a48 48 0 0 0 48 48h137.25V327.69h-63V256h63v-54.64c0-62.15 37-96.48 93.67-96.48 27.14 0 55.52 4.84 55.52 4.84v61h-31.27c-30.81 0-40.42 19.12-40.42 38.73V256h68.78l-11 71.69h-57.78V480H400a48 48 0 0 0 48-48V80a48 48 0 0 0-48-48z\"><\/path><\/svg>\t\t\t<\/a>\n\t\t<\/div>\n\t\t\t\t\t\t<\/div>\n\t\t\t\t<\/div>\n\t\t\t\t<div class=\"elementor-element elementor-element-269db26 elementor-widget__width-initial elementor-view-default elementor-widget elementor-widget-icon\" data-id=\"269db26\" data-element_type=\"widget\" data-widget_type=\"icon.default\">\n\t\t\t\t<div class=\"elementor-widget-container\">\n\t\t\t\t\t\t\t<div class=\"elementor-icon-wrapper\">\n\t\t\t<a class=\"elementor-icon\" href=\"https:\/\/api.whatsapp.com\/send?phone=5213311456084\">\n\t\t\t<svg aria-hidden=\"true\" class=\"e-font-icon-svg e-fab-x-twitter\" viewBox=\"0 0 512 512\" xmlns=\"http:\/\/www.w3.org\/2000\/svg\"><path d=\"M389.2 48h70.6L305.6 224.2 487 464H345L233.7 318.6 106.5 464H35.8L200.7 275.5 26.8 48H172.4L272.9 180.9 389.2 48zM364.4 421.8h39.1L151.1 88h-42L364.4 421.8z\"><\/path><\/svg>\t\t\t<\/a>\n\t\t<\/div>\n\t\t\t\t\t\t<\/div>\n\t\t\t\t<\/div>\n\t\t\t\t<div class=\"elementor-element elementor-element-3c8bdf2 elementor-widget__width-initial elementor-view-default elementor-widget elementor-widget-icon\" data-id=\"3c8bdf2\" data-element_type=\"widget\" data-widget_type=\"icon.default\">\n\t\t\t\t<div class=\"elementor-widget-container\">\n\t\t\t\t\t\t\t<div class=\"elementor-icon-wrapper\">\n\t\t\t<a class=\"elementor-icon\" href=\"https:\/\/api.whatsapp.com\/send?phone=5213311456084\">\n\t\t\t<svg aria-hidden=\"true\" class=\"e-font-icon-svg e-fab-whatsapp\" viewBox=\"0 0 448 512\" xmlns=\"http:\/\/www.w3.org\/2000\/svg\"><path d=\"M380.9 97.1C339 55.1 283.2 32 223.9 32c-122.4 0-222 99.6-222 222 0 39.1 10.2 77.3 29.6 111L0 480l117.7-30.9c32.4 17.7 68.9 27 106.1 27h.1c122.3 0 224.1-99.6 224.1-222 0-59.3-25.2-115-67.1-157zm-157 341.6c-33.2 0-65.7-8.9-94-25.7l-6.7-4-69.8 18.3L72 359.2l-4.4-7c-18.5-29.4-28.2-63.3-28.2-98.2 0-101.7 82.8-184.5 184.6-184.5 49.3 0 95.6 19.2 130.4 54.1 34.8 34.9 56.2 81.2 56.1 130.5 0 101.8-84.9 184.6-186.6 184.6zm101.2-138.2c-5.5-2.8-32.8-16.2-37.9-18-5.1-1.9-8.8-2.8-12.5 2.8-3.7 5.6-14.3 18-17.6 21.8-3.2 3.7-6.5 4.2-12 1.4-32.6-16.3-54-29.1-75.5-66-5.7-9.8 5.7-9.1 16.3-30.3 1.8-3.7.9-6.9-.5-9.7-1.4-2.8-12.5-30.1-17.1-41.2-4.5-10.8-9.1-9.3-12.5-9.5-3.2-.2-6.9-.2-10.6-.2-3.7 0-9.7 1.4-14.8 6.9-5.1 5.6-19.4 19-19.4 46.3 0 27.3 19.9 53.7 22.6 57.4 2.8 3.7 39.1 59.7 94.8 83.8 35.2 15.2 49 16.5 66.6 13.9 10.7-1.6 32.8-13.4 37.4-26.4 4.6-13 4.6-24.1 3.2-26.4-1.3-2.5-5-3.9-10.5-6.6z\"><\/path><\/svg>\t\t\t<\/a>\n\t\t<\/div>\n\t\t\t\t\t\t<\/div>\n\t\t\t\t<\/div>\n\t\t\t\t<div class=\"elementor-element elementor-element-f6c52f4 elementor-widget__width-initial elementor-view-default elementor-widget elementor-widget-icon\" data-id=\"f6c52f4\" data-element_type=\"widget\" data-widget_type=\"icon.default\">\n\t\t\t\t<div class=\"elementor-widget-container\">\n\t\t\t\t\t\t\t<div class=\"elementor-icon-wrapper\">\n\t\t\t<a class=\"elementor-icon\" href=\"mailto:contacto@pyste.com\">\n\t\t\t<svg aria-hidden=\"true\" class=\"e-font-icon-svg e-fas-mail-bulk\" viewBox=\"0 0 576 512\" xmlns=\"http:\/\/www.w3.org\/2000\/svg\"><path d=\"M160 448c-25.6 0-51.2-22.4-64-32-64-44.8-83.2-60.8-96-70.4V480c0 17.67 14.33 32 32 32h256c17.67 0 32-14.33 32-32V345.6c-12.8 9.6-32 25.6-96 70.4-12.8 9.6-38.4 32-64 32zm128-192H32c-17.67 0-32 14.33-32 32v16c25.6 19.2 22.4 19.2 115.2 86.4 9.6 6.4 28.8 25.6 44.8 25.6s35.2-19.2 44.8-22.4c92.8-67.2 89.6-67.2 115.2-86.4V288c0-17.67-14.33-32-32-32zm256-96H224c-17.67 0-32 14.33-32 32v32h96c33.21 0 60.59 25.42 63.71 57.82l.29-.22V416h192c17.67 0 32-14.33 32-32V192c0-17.67-14.33-32-32-32zm-32 128h-64v-64h64v64zm-352-96c0-35.29 28.71-64 64-64h224V32c0-17.67-14.33-32-32-32H96C78.33 0 64 14.33 64 32v192h96v-32z\"><\/path><\/svg>\t\t\t<\/a>\n\t\t<\/div>\n\t\t\t\t\t\t<\/div>\n\t\t\t\t<\/div>\n\t\t\t\t\t<\/div>\n\t\t<\/div>\n\t\t\t\t\t<\/div>\n\t\t<\/section>\n\t\t\t\t<\/div>\n\t\t","protected":false},"excerpt":{"rendered":"<p>Sistema de tierra varilla con bobinas Son sistemas que no tienen una conexion deliberada a tierra, excepto a traves de dispositivos que indican o miden el potencial \u00a0 Sistemas de tierra de blindaje parcial Sistemas que se conectan a tierra mediante una conexion adecuada en la cual no se a\u00f1ade impedancia deliberantemente \u00a0 Sistema de &hellip; <\/p>\n<p class=\"link-more\"><a href=\"https:\/\/pararrayosespeciales.com\/?page_id=164\" class=\"more-link\">Read more<span class=\"screen-reader-text\"> &#8220;Sistemas de tierras&#8221;<\/span><\/a><\/p>\n","protected":false},"author":1,"featured_media":0,"parent":0,"menu_order":0,"comment_status":"closed","ping_status":"closed","template":"","meta":{"footnotes":""},"class_list":["post-164","page","type-page","status-publish","hentry"],"featured_media_urls":[],"_links":{"self":[{"href":"https:\/\/pararrayosespeciales.com\/index.php?rest_route=\/wp\/v2\/pages\/164","targetHints":{"allow":["GET"]}}],"collection":[{"href":"https:\/\/pararrayosespeciales.com\/index.php?rest_route=\/wp\/v2\/pages"}],"about":[{"href":"https:\/\/pararrayosespeciales.com\/index.php?rest_route=\/wp\/v2\/types\/page"}],"author":[{"embeddable":true,"href":"https:\/\/pararrayosespeciales.com\/index.php?rest_route=\/wp\/v2\/users\/1"}],"replies":[{"embeddable":true,"href":"https:\/\/pararrayosespeciales.com\/index.php?rest_route=%2Fwp%2Fv2%2Fcomments&post=164"}],"version-history":[{"count":22,"href":"https:\/\/pararrayosespeciales.com\/index.php?rest_route=\/wp\/v2\/pages\/164\/revisions"}],"predecessor-version":[{"id":1270,"href":"https:\/\/pararrayosespeciales.com\/index.php?rest_route=\/wp\/v2\/pages\/164\/revisions\/1270"}],"wp:attachment":[{"href":"https:\/\/pararrayosespeciales.com\/index.php?rest_route=%2Fwp%2Fv2%2Fmedia&parent=164"}],"curies":[{"name":"wp","href":"https:\/\/api.w.org\/{rel}","templated":true}]}}